{"id":8069,"date":"2019-11-26T02:45:17","date_gmt":"2019-11-26T02:45:17","guid":{"rendered":"http:\/\/2fac.animaker.com.br\/?page_id=7727"},"modified":"2021-07-22T18:20:49","modified_gmt":"2021-07-22T21:20:49","slug":"historico-v2","status":"publish","type":"page","link":"https:\/\/ceafvcgru.animaker.com.br\/?page_id=8069","title":{"rendered":"Hist\u00f3rico"},"content":{"rendered":"\n\n<div class=\"container section-title-container\" ><h3 class=\"section-title section-title-normal\"><b aria-hidden=\"true\"><\/b><span class=\"section-title-main\" >Hist\u00f3rico<\/span><b aria-hidden=\"true\"><\/b><\/h3><\/div>\n<div class=\"row\"  id=\"row-443897631\">\n\n\t<div id=\"col-965876416\" class=\"col medium-6 small-12 large-6\"  >\n\t\t\t\t<div class=\"col-inner\"  >\n\t\t\t\n\t\t\t\n\n\t\t<div class=\"icon-box featured-box icon-box-left text-left\"  >\n\t\t\t\t\t<div class=\"icon-box-img\" style=\"width: 33px\">\n\t\t\t\t<div class=\"icon\">\n\t\t\t\t\t<div class=\"icon-inner\" style=\"color:rgb(221, 132, 74);\">\n\t\t\t\t\t\t<?xml version=\"1.0\" encoding=\"utf-8\"?>\n<!-- Generated by IcoMoon.io -->\n<!DOCTYPE svg PUBLIC \"-\/\/W3C\/\/DTD SVG 1.1\/\/EN\" \"http:\/\/www.w3.org\/Graphics\/SVG\/1.1\/DTD\/svg11.dtd\">\n<svg version=\"1.1\" xmlns=\"http:\/\/www.w3.org\/2000\/svg\" xmlns:xlink=\"http:\/\/www.w3.org\/1999\/xlink\" width=\"20\" height=\"20\" viewBox=\"0 0 20 20\">\n<path fill=\"#000000\" d=\"M17.071 2.929c-1.889-1.889-4.4-2.929-7.071-2.929-3.094 0-5.975 1.425-7.853 3.807v-1.307c0-0.276-0.224-0.5-0.5-0.5s-0.5 0.224-0.5 0.5v2.972c0 0.229 0.155 0.428 0.377 0.485 0.097 0.025 0.195 0.019 0.284-0.011v0l2.853-0.972c0.261-0.089 0.401-0.373 0.312-0.634s-0.373-0.401-0.634-0.312l-1.49 0.508c1.688-2.208 4.32-3.534 7.152-3.534 4.963 0 9 4.037 9 9s-4.037 9-9 9c-3.316 0-6.354-1.815-7.928-4.737-0.131-0.243-0.434-0.334-0.677-0.203s-0.334 0.434-0.203 0.677c1.749 3.246 5.125 5.263 8.809 5.263 2.671 0 5.182-1.040 7.071-2.929s2.929-4.4 2.929-7.071c0-2.671-1.040-5.182-2.929-7.071z\"><\/path>\n<path fill=\"#000000\" d=\"M10 10.5c-0.084 0-0.167-0.021-0.243-0.063l-4.5-2.5c-0.241-0.134-0.328-0.438-0.194-0.68s0.438-0.328 0.68-0.194l4.24 2.355 5.249-3.34c0.233-0.148 0.542-0.080 0.69 0.153s0.080 0.542-0.153 0.69l-5.5 3.5c-0.082 0.052-0.175 0.078-0.268 0.078z\"><\/path>\n<\/svg>\n\t\t\t\t\t<\/div>\n\t\t\t\t<\/div>\n\t\t\t<\/div>\n\t\t\t\t<div class=\"icon-box-text last-reset\">\n\t\t\t<h5 class=\"uppercase\">V\u00c1RZEA DO CARMO<\/h5>\t\t\t\t\t\t\n<p style=\"text-align: justify\">Em Maio de 2006, a SPDM iniciou a gest\u00e3o da Unidade de Farm\u00e1cia de Alto Custo NGA V\u00e1rzea do Carmo, em parceria com a SES\/SP.<\/p>\n<p style=\"text-align: justify\">Em Julho de 2006, a Unidade de Farm\u00e1cia incorporou ao atendimento os pacientes da Farm\u00e1cia \u2013 PAM Centro, em sua grande maioria pacientes renais cr\u00f4nicos e transplantados.<\/p>\n<p style=\"text-align: justify\">Em Agosto de 2007, foi a Unidade de Farm\u00e1cia de Alto Custo NGA V\u00e1rzea do Carmo, sob gest\u00e3o da SPDM, pioneira na Implanta\u00e7\u00e3o do Programa Medicamento em Casa.&nbsp;<\/p>\n\t\t<\/div>\n\t<\/div>\n\t\n\t\n\t\t<\/div>\n\t\t\t\t\t<\/div>\n\n\t\n\n\t<div id=\"col-2042404196\" class=\"col medium-6 small-12 large-6\"  >\n\t\t\t\t<div class=\"col-inner\"  >\n\t\t\t\n\t\t\t\n\n\t\t<div class=\"icon-box featured-box icon-box-left text-left\"  >\n\t\t\t\t\t<div class=\"icon-box-img\" style=\"width: 33px\">\n\t\t\t\t<div class=\"icon\">\n\t\t\t\t\t<div class=\"icon-inner\" style=\"color:rgb(221, 132, 74);\">\n\t\t\t\t\t\t<?xml version=\"1.0\" encoding=\"utf-8\"?>\n<!-- Generated by IcoMoon.io -->\n<!DOCTYPE svg PUBLIC \"-\/\/W3C\/\/DTD SVG 1.1\/\/EN\" \"http:\/\/www.w3.org\/Graphics\/SVG\/1.1\/DTD\/svg11.dtd\">\n<svg version=\"1.1\" xmlns=\"http:\/\/www.w3.org\/2000\/svg\" xmlns:xlink=\"http:\/\/www.w3.org\/1999\/xlink\" width=\"20\" height=\"20\" viewBox=\"0 0 20 20\">\n<path fill=\"#000000\" d=\"M17.071 2.929c-1.889-1.889-4.4-2.929-7.071-2.929-3.094 0-5.975 1.425-7.853 3.807v-1.307c0-0.276-0.224-0.5-0.5-0.5s-0.5 0.224-0.5 0.5v2.972c0 0.229 0.155 0.428 0.377 0.485 0.097 0.025 0.195 0.019 0.284-0.011v0l2.853-0.972c0.261-0.089 0.401-0.373 0.312-0.634s-0.373-0.401-0.634-0.312l-1.49 0.508c1.688-2.208 4.32-3.534 7.152-3.534 4.963 0 9 4.037 9 9s-4.037 9-9 9c-3.316 0-6.354-1.815-7.928-4.737-0.131-0.243-0.434-0.334-0.677-0.203s-0.334 0.434-0.203 0.677c1.749 3.246 5.125 5.263 8.809 5.263 2.671 0 5.182-1.040 7.071-2.929s2.929-4.4 2.929-7.071c0-2.671-1.040-5.182-2.929-7.071z\"><\/path>\n<path fill=\"#000000\" d=\"M10 10.5c-0.084 0-0.167-0.021-0.243-0.063l-4.5-2.5c-0.241-0.134-0.328-0.438-0.194-0.68s0.438-0.328 0.68-0.194l4.24 2.355 5.249-3.34c0.233-0.148 0.542-0.080 0.69 0.153s0.080 0.542-0.153 0.69l-5.5 3.5c-0.082 0.052-0.175 0.078-0.268 0.078z\"><\/path>\n<\/svg>\n\t\t\t\t\t<\/div>\n\t\t\t\t<\/div>\n\t\t\t<\/div>\n\t\t\t\t<div class=\"icon-box-text last-reset\">\n\t\t\t<h5 class=\"uppercase\">GUARULHOS<\/h5>\t\t\t\t\t\t\n<p style=\"text-align: justify\">Em Maio de 2010, a SPDM, em parceria com a SES\/SP, assumiu a gest\u00e3o da Unidade de Farm\u00e1cia de Alto Custo de Guarulhos, anteriormente localizada em estrutura anexa ao Complexo Hospitalar Padre Bento, passando a atender, em \u00e1rea pr\u00f3pria, os pacientes do Munic\u00edpio de Guarulhos e Regi\u00e3o.<\/p>\n\t\t<\/div>\n\t<\/div>\n\t\n\t\n\t<div id=\"gap-1913610951\" class=\"gap-element clearfix\" style=\"display:block; height:auto;\">\n\t\t\n<style>\n#gap-1913610951 {\n  padding-top: 30px;\n}\n<\/style>\n\t<\/div>\n\t\n\t<div id=\"gap-349293449\" class=\"gap-element clearfix\" style=\"display:block; height:auto;\">\n\t\t\n<style>\n#gap-349293449 {\n  padding-top: 30px;\n}\n<\/style>\n\t<\/div>\n\t\n\t\t<\/div>\n\t\t\t\t\t<\/div>\n\n\t\n<\/div>\n<p>\n\n<\/p>\n","protected":false},"excerpt":{"rendered":"","protected":false},"author":1,"featured_media":0,"parent":0,"menu_order":0,"comment_status":"closed","ping_status":"closed","template":"","meta":{"footnotes":""},"class_list":["post-8069","page","type-page","status-publish","hentry"],"_links":{"self":[{"href":"https:\/\/ceafvcgru.animaker.com.br\/index.php?rest_route=\/wp\/v2\/pages\/8069","targetHints":{"allow":["GET"]}}],"collection":[{"href":"https:\/\/ceafvcgru.animaker.com.br\/index.php?rest_route=\/wp\/v2\/pages"}],"about":[{"href":"https:\/\/ceafvcgru.animaker.com.br\/index.php?rest_route=\/wp\/v2\/types\/page"}],"author":[{"embeddable":true,"href":"https:\/\/ceafvcgru.animaker.com.br\/index.php?rest_route=\/wp\/v2\/users\/1"}],"replies":[{"embeddable":true,"href":"https:\/\/ceafvcgru.animaker.com.br\/index.php?rest_route=%2Fwp%2Fv2%2Fcomments&post=8069"}],"version-history":[{"count":0,"href":"https:\/\/ceafvcgru.animaker.com.br\/index.php?rest_route=\/wp\/v2\/pages\/8069\/revisions"}],"wp:attachment":[{"href":"https:\/\/ceafvcgru.animaker.com.br\/index.php?rest_route=%2Fwp%2Fv2%2Fmedia&parent=8069"}],"curies":[{"name":"wp","href":"https:\/\/api.w.org\/{rel}","templated":true}]}}