{"id":8068,"date":"2019-11-26T01:49:59","date_gmt":"2019-11-26T01:49:59","guid":{"rendered":"http:\/\/2fac.animaker.com.br\/?page_id=7712"},"modified":"2021-07-22T18:19:13","modified_gmt":"2021-07-22T21:19:13","slug":"unidades-v2","status":"publish","type":"page","link":"https:\/\/ceafvcgru.animaker.com.br\/?page_id=8068","title":{"rendered":"Unidades"},"content":{"rendered":"\n<div class=\"container section-title-container\" ><h3 class=\"section-title section-title-normal\"><b aria-hidden=\"true\"><\/b><span class=\"section-title-main\" >Unidades<\/span><b aria-hidden=\"true\"><\/b><\/h3><\/div>\n\n<div class=\"row row-small\"  id=\"row-2146366377\">\n\n\n\t<div id=\"col-324069949\" class=\"col small-12 large-12\"  >\n\t\t\t\t<div class=\"col-inner\"  >\n\t\t\t\n\t\t\t\n\n<div class=\"accordion\">\n\n\t<div id=\"accordion-445788950\" class=\"accordion-item\">\n\t\t<a id=\"accordion-445788950-label\" class=\"accordion-title plain\" href=\"#accordion-item-farm\u00e1cia-v\u00e1rzea-do-carmo\" aria-expanded=\"false\" aria-controls=\"accordion-445788950-content\">\n\t\t\t<button class=\"toggle\" aria-label=\"Toggle\"><i class=\"icon-angle-down\" aria-hidden=\"true\"><\/i><\/button>\n\t\t\t<span>Farm\u00e1cia V\u00e1rzea do Carmo<\/span>\n\t\t<\/a>\n\t\t<div id=\"accordion-445788950-content\" class=\"accordion-inner\" aria-labelledby=\"accordion-445788950-label\">\n\t\t\t\n\n<div class=\"row\"  id=\"row-1141637690\">\n\n\n\t<div id=\"col-991053953\" class=\"col medium-6 small-12 large-6\"  >\n\t\t\t\t<div class=\"col-inner\"  >\n\t\t\t\n\t\t\t\n\n<p style=\"text-align: justify;\"><span style=\"font-weight: 400;\">A Unidade de Farm\u00e1cia V\u00e1rzea do Carmo est\u00e1 localizada no N\u00facleo de Gest\u00e3o Assistencial 63 \u2013 V\u00e1rzea do Carmo (NGA 63 \u2013 V\u00e1rzea do Carmo). Os Medicamentos dispensados aos pacientes fazem parte do Programa do Componente Especializado da Assist\u00eancia Farmac\u00eautica (Programa Alto Custo).<\/span><\/p>\n<p style=\"text-align: justify;\"><span style=\"font-weight: 400;\">Atende a aproximadamente 50.000 pacientes por m\u00eas, seja no atendimento presencial ou \u00e0 domicilio,&nbsp;tendo sido est\u00e1 a Unidade de Farm\u00e1cia pioneira na&nbsp;implanta\u00e7\u00e3o do Programa Medicamento em Casa.<\/span><i><span style=\"font-weight: 400;\">&nbsp;<\/span><\/i><\/p>\n\n\t\t<\/div>\n\t\t\t\t\t<\/div>\n\n\t\n\n\t<div id=\"col-1915158672\" class=\"col medium-6 small-12 large-6\"  >\n\t\t\t\t<div class=\"col-inner\"  >\n\t\t\t\n\t\t\t\n\n<div class=\"slider-wrapper relative\" id=\"slider-784306339\" >\n    <div class=\"slider slider-nav-circle slider-nav-large slider-nav-light slider-style-normal\"\n        data-flickity-options='{\n            \"cellAlign\": \"center\",\n            \"imagesLoaded\": true,\n            \"lazyLoad\": 1,\n            \"freeScroll\": false,\n            \"wrapAround\": true,\n            \"autoPlay\": 6000,\n            \"pauseAutoPlayOnHover\" : true,\n            \"prevNextButtons\": true,\n            \"contain\" : true,\n            \"adaptiveHeight\" : true,\n            \"dragThreshold\" : 10,\n            \"percentPosition\": true,\n            \"pageDots\": true,\n            \"rightToLeft\": false,\n            \"draggable\": true,\n            \"selectedAttraction\": 0.1,\n            \"parallax\" : 0,\n            \"friction\": 0.6        }'\n        >\n        \n\n\n  <div class=\"banner has-hover\" id=\"banner-343127576\">\n          <div class=\"banner-inner fill\">\n        <div class=\"banner-bg fill\" >\n            <img loading=\"lazy\" decoding=\"async\" width=\"600\" height=\"400\" src=\"https:\/\/ceafvcgru.animaker.com.br\/wp-content\/uploads\/sites\/142\/2015\/11\/fac-varzea-mini02.jpg\" class=\"bg attachment-original size-original\" alt=\"\" \/>                                    \n                    <\/div>\n\t\t\n        <div class=\"banner-layers container\">\n            <div class=\"fill banner-link\"><\/div>            \n\n\n        <\/div>\n      <\/div>\n\n            \n<style>\n#banner-343127576 {\n  padding-top: 250px;\n}\n<\/style>\n  <\/div>\n\n\n\n  <div class=\"banner has-hover\" id=\"banner-1664136718\">\n          <div class=\"banner-inner fill\">\n        <div class=\"banner-bg fill\" >\n            <img loading=\"lazy\" decoding=\"async\" width=\"600\" height=\"400\" src=\"https:\/\/ceafvcgru.animaker.com.br\/wp-content\/uploads\/sites\/142\/2015\/11\/fac-varzea-mini01.jpg\" class=\"bg attachment-original size-original\" alt=\"\" \/>                                    \n                    <\/div>\n\t\t\n        <div class=\"banner-layers container\">\n            <div class=\"fill banner-link\"><\/div>            \n\n\n        <\/div>\n      <\/div>\n\n            \n<style>\n#banner-1664136718 {\n  padding-top: 250px;\n}\n<\/style>\n  <\/div>\n\n\n\n     <\/div>\n\n     <div class=\"loading-spin dark large centered\"><\/div>\n\n\t<\/div>\n\n\n\n\t\t<\/div>\n\t\t\t\t\t<\/div>\n\n\t\n\n<\/div>\n\n\t\t<\/div>\n\t<\/div>\n\t\n\t<div id=\"accordion-1708951363\" class=\"accordion-item\">\n\t\t<a id=\"accordion-1708951363-label\" class=\"accordion-title plain\" href=\"#accordion-item-farm\u00e1cia-de-guarulhos\" aria-expanded=\"false\" aria-controls=\"accordion-1708951363-content\">\n\t\t\t<button class=\"toggle\" aria-label=\"Toggle\"><i class=\"icon-angle-down\" aria-hidden=\"true\"><\/i><\/button>\n\t\t\t<span>Farm\u00e1cia de Guarulhos<\/span>\n\t\t<\/a>\n\t\t<div id=\"accordion-1708951363-content\" class=\"accordion-inner\" aria-labelledby=\"accordion-1708951363-label\">\n\t\t\t\n\n<div class=\"row\"  id=\"row-1720007134\">\n\n\n\t<div id=\"col-672867524\" class=\"col medium-6 small-12 large-6\"  >\n\t\t\t\t<div class=\"col-inner\"  >\n\t\t\t\n\t\t\t\n\n<p style=\"text-align: justify;\"><span style=\"font-weight: 400;\">A Unidade de Farm\u00e1cia de Guarulhos realiza atendimento aos mun\u00edcipes de Guarulhos e Regi\u00e3o. Os Medicamentos dispensados aos pacientes fazem parte do Programa do Componente Especializado da Assist\u00eancia Farmac\u00eautica (Programa Alto Custo) e os Protocolos e Normas T\u00e9cnicas Estaduais que incorporam&nbsp;os medicamentos para tratamento de portadores de algumas doen\u00e7as que apresentam importante morbidade no Estado de S\u00e3o Paulo, como Alergia a Prote\u00edna do leite de vaca, Doen\u00e7a Pulmonar Cr\u00f4nica, Isoimuniza\u00e7\u00e3o RH em Gestantes e Toxoplasmose, somando-se aos Componentes da Assist\u00eancia Farmac\u00eautica.<\/span><\/p>\n<p style=\"text-align: justify;\"><span style=\"font-weight: 400;\">Presta atendimento a aproximadamente 10.000 pacientes por m\u00eas.<\/span><\/p>\n\n\t\t<\/div>\n\t\t\t\t\t<\/div>\n\n\t\n\n\t<div id=\"col-2144905753\" class=\"col medium-6 small-12 large-6\"  >\n\t\t\t\t<div class=\"col-inner\"  >\n\t\t\t\n\t\t\t\n\n<p><img loading=\"lazy\" decoding=\"async\" class=\"alignnone wp-image-7137 size-full\" src=\"https:\/\/ceafvcgru.animaker.com.br\/wp-content\/uploads\/sites\/142\/2015\/11\/SPDM-Farmacia-de-Alto-Custo-Guarulhos-10.jpg\" alt=\"\" width=\"600\" height=\"400\" srcset=\"https:\/\/ceafvcgru.animaker.com.br\/wp-content\/uploads\/sites\/142\/2015\/11\/SPDM-Farmacia-de-Alto-Custo-Guarulhos-10.jpg 600w, https:\/\/ceafvcgru.animaker.com.br\/wp-content\/uploads\/sites\/142\/2015\/11\/SPDM-Farmacia-de-Alto-Custo-Guarulhos-10-300x200.jpg 300w\" sizes=\"auto, (max-width: 600px) 100vw, 600px\" \/><\/p>\n\n\t\t<\/div>\n\t\t\t\t\t<\/div>\n\n\t\n\n<\/div>\n\n\t\t<\/div>\n\t<\/div>\n\t\n\n<\/div>\n\n\t\t<\/div>\n\t\t\t\t\t<\/div>\n\n\t\n\n<\/div>\n","protected":false},"excerpt":{"rendered":"","protected":false},"author":1,"featured_media":0,"parent":0,"menu_order":0,"comment_status":"closed","ping_status":"closed","template":"","meta":{"footnotes":""},"class_list":["post-8068","page","type-page","status-publish","hentry"],"_links":{"self":[{"href":"https:\/\/ceafvcgru.animaker.com.br\/index.php?rest_route=\/wp\/v2\/pages\/8068","targetHints":{"allow":["GET"]}}],"collection":[{"href":"https:\/\/ceafvcgru.animaker.com.br\/index.php?rest_route=\/wp\/v2\/pages"}],"about":[{"href":"https:\/\/ceafvcgru.animaker.com.br\/index.php?rest_route=\/wp\/v2\/types\/page"}],"author":[{"embeddable":true,"href":"https:\/\/ceafvcgru.animaker.com.br\/index.php?rest_route=\/wp\/v2\/users\/1"}],"replies":[{"embeddable":true,"href":"https:\/\/ceafvcgru.animaker.com.br\/index.php?rest_route=%2Fwp%2Fv2%2Fcomments&post=8068"}],"version-history":[{"count":0,"href":"https:\/\/ceafvcgru.animaker.com.br\/index.php?rest_route=\/wp\/v2\/pages\/8068\/revisions"}],"wp:attachment":[{"href":"https:\/\/ceafvcgru.animaker.com.br\/index.php?rest_route=%2Fwp%2Fv2%2Fmedia&parent=8068"}],"curies":[{"name":"wp","href":"https:\/\/api.w.org\/{rel}","templated":true}]}}