{"id":7545,"date":"2015-06-10T15:14:49","date_gmt":"2015-06-10T18:14:49","guid":{"rendered":"http:\/\/s11396.p20.sites.pressdns.com\/?page_id=6624"},"modified":"2021-07-26T12:19:03","modified_gmt":"2021-07-26T15:19:03","slug":"como-chegar-v2","status":"publish","type":"page","link":"https:\/\/ceafvcgru.animaker.com.br\/?page_id=7545","title":{"rendered":"Como Chegar v2"},"content":{"rendered":"\n<div class=\"container section-title-container\" ><h3 class=\"section-title section-title-normal\"><b aria-hidden=\"true\"><\/b><span class=\"section-title-main\" >Como Chegar<\/span><b aria-hidden=\"true\"><\/b><\/h3><\/div>\n\n<div class=\"row\"  id=\"row-1198742914\">\n\n\n\t<div id=\"col-978910761\" class=\"col medium-6 small-12 large-6\"  >\n\t\t\t\t<div class=\"col-inner\"  >\n\t\t\t\n\t\t\t\n\n\n\t\t<div class=\"icon-box featured-box icon-box-left text-left\"  >\n\t\t\t\t\t<div class=\"icon-box-img\" style=\"width: 30px\">\n\t\t\t\t<div class=\"icon\">\n\t\t\t\t\t<div class=\"icon-inner\" style=\"color:rgb(221, 132, 74);\">\n\t\t\t\t\t\t<?xml version=\"1.0\" encoding=\"utf-8\"?>\n<!-- Generated by IcoMoon.io -->\n<!DOCTYPE svg PUBLIC \"-\/\/W3C\/\/DTD SVG 1.1\/\/EN\" \"http:\/\/www.w3.org\/Graphics\/SVG\/1.1\/DTD\/svg11.dtd\">\n<svg version=\"1.1\" xmlns=\"http:\/\/www.w3.org\/2000\/svg\" xmlns:xlink=\"http:\/\/www.w3.org\/1999\/xlink\" width=\"20\" height=\"20\" viewBox=\"0 0 20 20\">\n<path fill=\"#000000\" d=\"M8.5 20c-0.043 0-0.087-0.006-0.13-0.017-0.218-0.059-0.37-0.257-0.37-0.483v-7.5h-7.5c-0.226 0-0.424-0.152-0.483-0.37s0.037-0.449 0.232-0.562l19-11c0.196-0.113 0.444-0.081 0.604 0.079s0.193 0.408 0.079 0.604l-11 19c-0.091 0.157-0.258 0.249-0.433 0.249zM2.362 11h6.138c0.276 0 0.5 0.224 0.5 0.5v6.138l9.128-15.766-15.766 9.128z\"><\/path>\n<\/svg>\n\t\t\t\t\t<\/div>\n\t\t\t\t<\/div>\n\t\t\t<\/div>\n\t\t\t\t<div class=\"icon-box-text last-reset\">\n\t\t\t<h5 class=\"uppercase\">COMO CHEGAR FARM\u00c1CIA DE GUARULHOS<\/h5>\t\t\t\t\t\t\n\n<p style=\"text-align: justify\"><strong>Unidade de Farm\u00e1cia de GUARULHOS:<\/strong><\/p>\n<p style=\"text-align: justify\">Endere\u00e7o: Avenida Em\u00edlio Ribas, n\u00b0 1.126, Bairro de Gopo\u00fava, CEP: 07020-010 \u2013 Guarulhos \u2013 S\u00e3o Paulo.<\/p>\n<p style=\"text-align: justify\">Telefone: (11) 2408-5883 ou\u00a0(11) 2408-5887<\/p>\n<p style=\"text-align: justify\">Hor\u00e1rios de Funcionamento:<\/p>\n<p style=\"text-align: justify\">De segundas \u00e0s sextas-feiras: das 07 \u00e0s 19 horas, com emiss\u00e3o de senhas de atendimento at\u00e9 \u00e0s 17 horas.<\/p>\n<p style=\"text-align: justify\">Acesso:<\/p>\n<p style=\"text-align: justify\">Os \u00f4nibus das seguintes linhas: Municipais 275 Cocaia\/ Shopping Internacional, 350 Vila Galv\u00e3o\/ Jardim Bela Vista, 351 Terminal Cecap\/ Shopping Internacional, N850 Vila Carmela\/ Shopping Internacional (noturno), S172 Shopping Internacional\/ Aeroporto.<u><\/u><u><\/u><\/p>\n<p style=\"text-align: justify\">Intermunicipais: 578 Vila Moreira\/ Metro Arm\u00eania, 121 Terminal Cecap\/ Terminal Penha.<\/p>\n\n\t\t<\/div>\n\t<\/div>\n\t\n\t\n\t<div id=\"gap-1932974607\" class=\"gap-element clearfix\" style=\"display:block; height:auto;\">\n\t\t\n<style>\n#gap-1932974607 {\n  padding-top: 30px;\n}\n<\/style>\n\t<\/div>\n\t\n\n\n\t\t<\/div>\n\t\t\t\t\t<\/div>\n\n\t\n\n\t<div id=\"col-260399825\" class=\"col medium-6 small-12 large-6\"  >\n\t\t\t\t<div class=\"col-inner\"  >\n\t\t\t\n\t\t\t\n\n\n\t\t<div class=\"icon-box featured-box icon-box-left text-left\"  >\n\t\t\t\t\t<div class=\"icon-box-img\" style=\"width: 30px\">\n\t\t\t\t<div class=\"icon\">\n\t\t\t\t\t<div class=\"icon-inner\" style=\"color:rgb(221, 132, 74);\">\n\t\t\t\t\t\t<?xml version=\"1.0\" encoding=\"utf-8\"?>\n<!-- Generated by IcoMoon.io -->\n<!DOCTYPE svg PUBLIC \"-\/\/W3C\/\/DTD SVG 1.1\/\/EN\" \"http:\/\/www.w3.org\/Graphics\/SVG\/1.1\/DTD\/svg11.dtd\">\n<svg version=\"1.1\" xmlns=\"http:\/\/www.w3.org\/2000\/svg\" xmlns:xlink=\"http:\/\/www.w3.org\/1999\/xlink\" width=\"20\" height=\"20\" viewBox=\"0 0 20 20\">\n<path fill=\"#000000\" d=\"M8.5 20c-0.043 0-0.087-0.006-0.13-0.017-0.218-0.059-0.37-0.257-0.37-0.483v-7.5h-7.5c-0.226 0-0.424-0.152-0.483-0.37s0.037-0.449 0.232-0.562l19-11c0.196-0.113 0.444-0.081 0.604 0.079s0.193 0.408 0.079 0.604l-11 19c-0.091 0.157-0.258 0.249-0.433 0.249zM2.362 11h6.138c0.276 0 0.5 0.224 0.5 0.5v6.138l9.128-15.766-15.766 9.128z\"><\/path>\n<\/svg>\n\t\t\t\t\t<\/div>\n\t\t\t\t<\/div>\n\t\t\t<\/div>\n\t\t\t\t<div class=\"icon-box-text last-reset\">\n\t\t\t<h5 class=\"uppercase\">COMO CHEGAR FARM\u00c1CIA NGA V\u00c1RZEA DO CARMO<\/h5>\t\t\t\t\t\t\n\n<p style=\"text-align: justify\"><strong>Unidade de Farm\u00e1cia NGA V\u00c1RZEA DO CARMO:<\/strong><\/p>\n<p style=\"text-align: justify\">Endere\u00e7o: Rua Leopoldo Miguez, n\u00b0 327, Bairro do Cambuci, CEP: 01518-020 \u2013 S\u00e3o Paulo \u2013 S\u00e3o Paulo.<\/p>\n<p style=\"text-align: justify\">Telefone: (11) 3555-0155.<\/p>\n<p style=\"text-align: justify\">Hor\u00e1rios de Funcionamento:<\/p>\n<p style=\"text-align: justify\">De segundas \u00e0s sextas-feiras: das 07 \u00e0s 19 horas, com emiss\u00e3o de senhas de atendimento at\u00e9 \u00e0s 17 horas.<\/p>\n<p style=\"text-align: justify\">Acesso:<\/p>\n<p style=\"text-align: justify\">\u00d4nibus Linha 174 M-10 (Jardim Brasil \u2013 Museu do Ipiranga), com o desembarque na pr\u00f3pria Rua Leopoldo Miguez. \u00d4nibus com desembarque na Avenida do Estado, altura do n\u00ba 5000 (Sentido Bairro): Linhas 4221-10, 4222-51, 4288-10, 4491-10, 5101-10, 5102-10, 5104-10 ou 5143-10.<\/p>\n\n\t\t<\/div>\n\t<\/div>\n\t\n\t\n\t<div id=\"gap-792945674\" class=\"gap-element clearfix\" style=\"display:block; height:auto;\">\n\t\t\n<style>\n#gap-792945674 {\n  padding-top: 30px;\n}\n<\/style>\n\t<\/div>\n\t\n\n\t<div id=\"gap-1682841531\" class=\"gap-element clearfix\" style=\"display:block; height:auto;\">\n\t\t\n<style>\n#gap-1682841531 {\n  padding-top: 30px;\n}\n<\/style>\n\t<\/div>\n\t\n\n\n\t\t<\/div>\n\t\t\t\t\t<\/div>\n\n\t\n\n<\/div>\n\n","protected":false},"excerpt":{"rendered":"","protected":false},"author":1,"featured_media":0,"parent":0,"menu_order":0,"comment_status":"closed","ping_status":"closed","template":"","meta":{"footnotes":""},"class_list":["post-7545","page","type-page","status-publish","hentry"],"_links":{"self":[{"href":"https:\/\/ceafvcgru.animaker.com.br\/index.php?rest_route=\/wp\/v2\/pages\/7545","targetHints":{"allow":["GET"]}}],"collection":[{"href":"https:\/\/ceafvcgru.animaker.com.br\/index.php?rest_route=\/wp\/v2\/pages"}],"about":[{"href":"https:\/\/ceafvcgru.animaker.com.br\/index.php?rest_route=\/wp\/v2\/types\/page"}],"author":[{"embeddable":true,"href":"https:\/\/ceafvcgru.animaker.com.br\/index.php?rest_route=\/wp\/v2\/users\/1"}],"replies":[{"embeddable":true,"href":"https:\/\/ceafvcgru.animaker.com.br\/index.php?rest_route=%2Fwp%2Fv2%2Fcomments&post=7545"}],"version-history":[{"count":0,"href":"https:\/\/ceafvcgru.animaker.com.br\/index.php?rest_route=\/wp\/v2\/pages\/7545\/revisions"}],"wp:attachment":[{"href":"https:\/\/ceafvcgru.animaker.com.br\/index.php?rest_route=%2Fwp%2Fv2%2Fmedia&parent=7545"}],"curies":[{"name":"wp","href":"https:\/\/api.w.org\/{rel}","templated":true}]}}